{"id":150,"date":"2026-02-12T16:45:11","date_gmt":"2026-02-12T15:45:11","guid":{"rendered":"https:\/\/www.spareparts365.com\/get-in-touch\/"},"modified":"2026-04-30T16:01:25","modified_gmt":"2026-04-30T14:01:25","slug":"get-in-touch","status":"publish","type":"page","link":"https:\/\/www.spareparts365.com\/en\/get-in-touch\/","title":{"rendered":"Get in touch"},"content":{"rendered":"<div class=\"wpb-content-wrapper\"><p>[vc_row full_width_css=&#8221;stretch_row_css&#8221; conditional_render=&#8221;%5B%7B%22value_role%22%3A%22administrator%22%7D%5D&#8221; css_params=&#8221;{&#8220;css_padding_top_md&#8220;:&#8220;100px&#8220;,&#8220;css_padding_bottom_md&#8220;:&#8220;100px&#8220;,&#8220;css_padding_top_xs&#8220;:&#8220;100px&#8220;,&#8220;css_padding_bottom_xs&#8220;:&#8220;100px&#8220;}&#8221; css=&#8221;.vc_custom_1774276700133{padding-top: 150px !important;padding-bottom: 150px !important;}&#8221; custom_css_response=&#8221;@media(max-width:767px){.vc_custom_1774276700133{padding-top:100px!important;padding-bottom:100px!important;}}@media(max-width:575px){.vc_custom_1774276700133{padding-top:100px!important;padding-bottom:100px!important;}}&#8221; el_class=&#8221;hg-blau&#8221;][vc_column width=&#8221;1\/2&#8243; animation_type=&#8221;fadeInLeft&#8221; conditional_render=&#8221;%5B%7B%22value_role%22%3A%22administrator%22%7D%5D&#8221; css_params=&#8221;&#8221;][vc_column_text css=&#8221;&#8221; el_class=&#8221;subhead weiss&#8221; css_params=&#8221;&#8221;]<\/p>\n<h1>Get in touch<\/h1>\n<p>[\/vc_column_text][vc_column_text css=&#8221;.vc_custom_1774342500562{padding-right: 35px !important;}&#8221; el_class=&#8221;headline-1 orange&#8221; css_params=&#8221;&#8221;]We look forward to hearing from you[\/vc_column_text][vc_column_text css=&#8221;&#8221; el_class=&#8221;subhead weiss&#8221; css_params=&#8221;&#8221;]You can easily reach us via our <a class=\"hash-scroll\" style=\"color: #ec6409;\" href=\"#kontaktformular\">contact form<\/a> \u2013 our experts will clarify your concerns and work with you to find the best solution.[\/vc_column_text][\/vc_column][vc_column width=&#8221;1\/2&#8243;][vc_single_image image=&#8221;3604&#8243; css=&#8221;&#8221; lightbox=&#8221;yes&#8221; zoom_icon=&#8221;yes&#8221; css_params=&#8221;&#8221; animation_type=&#8221;fadeInRight&#8221; label=&#8221;&#8221;][\/vc_column][\/vc_row][vc_row full_width_css=&#8221;stretch_row_css&#8221; el_class=&#8221;hg-grau&#8221; css=&#8221;.vc_custom_1774348856079{padding-top: 150px !important;padding-bottom: 150px !important;}&#8221; conditional_render=&#8221;%5B%7B%22value_role%22%3A%22administrator%22%7D%5D&#8221; css_params=&#8221;{&#8220;css_padding_top_md&#8220;:&#8220;100px&#8220;,&#8220;css_padding_bottom_md&#8220;:&#8220;100px&#8220;,&#8220;css_padding_top_xs&#8220;:&#8220;100px&#8220;,&#8220;css_padding_bottom_xs&#8220;:&#8220;100px&#8220;}&#8221; custom_css_response=&#8221;@media(max-width:767px){.vc_custom_1774348856079{padding-top:100px!important;padding-bottom:100px!important;}}@media(max-width:575px){.vc_custom_1774348856079{padding-top:100px!important;padding-bottom:100px!important;}}&#8221; el_id=&#8221;kontaktformular&#8221;][vc_column][vc_row_inner][vc_column_inner][vc_column_text css=&#8221;&#8221; el_class=&#8221;subhead&#8221; css_params=&#8221;&#8221;]<\/p>\n<h2>Contact form<\/h2>\n<p>[\/vc_column_text][vc_column_text css=&#8221;&#8221; css_params=&#8221;&#8221;]<\/p>\n<h2>Are you interested in our software?<br \/>\n<span class=\"highlight\">We&#8217;d be happy to advise you\u2026<\/span><\/h2>\n<p>[\/vc_column_text][\/vc_column_inner][\/vc_row_inner][vc_row_inner][vc_column_inner width=&#8221;1\/2&#8243;][vc_column_text css=&#8221;&#8221; css_params=&#8221;&#8221;]\n<div class=\"wpcf7 no-js\" id=\"wpcf7-f2653-o1\" lang=\"en-US\" dir=\"ltr\" data-wpcf7-id=\"2653\">\n<div class=\"screen-reader-response\"><p role=\"status\" aria-live=\"polite\" aria-atomic=\"true\"><\/p> <ul><\/ul><\/div>\n<form action=\"\/en\/wp-json\/wp\/v2\/pages\/150#wpcf7-f2653-o1\" method=\"post\" class=\"wpcf7-form init\" aria-label=\"Contact form\" novalidate=\"novalidate\" data-status=\"init\">\n<fieldset class=\"hidden-fields-container\"><input type=\"hidden\" name=\"_wpcf7\" value=\"2653\" \/><input type=\"hidden\" name=\"_wpcf7_version\" value=\"6.1.5\" \/><input type=\"hidden\" name=\"_wpcf7_locale\" value=\"en_US\" \/><input type=\"hidden\" name=\"_wpcf7_unit_tag\" value=\"wpcf7-f2653-o1\" \/><input type=\"hidden\" name=\"_wpcf7_container_post\" value=\"0\" \/><input type=\"hidden\" name=\"_wpcf7_posted_data_hash\" value=\"\" \/>\n<\/fieldset>\n<label> Full name<span class=\"orange\">*<\/span><br><span class=\"wpcf7-form-control-wrap\" data-name=\"your-name\"><input size=\"40\" maxlength=\"400\" class=\"wpcf7-form-control wpcf7-text wpcf7-validates-as-required\" autocomplete=\"name\" aria-required=\"true\" aria-invalid=\"false\" value=\"\" type=\"text\" name=\"your-name\" \/><\/span> <\/label>\n\n<label> Company<span class=\"orange\">*<\/span><br><span class=\"wpcf7-form-control-wrap\" data-name=\"your-firma\"><input size=\"40\" maxlength=\"400\" class=\"wpcf7-form-control wpcf7-text wpcf7-validates-as-required\" aria-required=\"true\" aria-invalid=\"false\" value=\"\" type=\"text\" name=\"your-firma\" \/><\/span> <\/label>\n\n<label> E-mail-address<span class=\"orange\">*<\/span><br>    <span class=\"wpcf7-form-control-wrap\" data-name=\"your-email\"><input size=\"40\" maxlength=\"400\" class=\"wpcf7-form-control wpcf7-email wpcf7-validates-as-required wpcf7-text wpcf7-validates-as-email\" autocomplete=\"email\" aria-required=\"true\" aria-invalid=\"false\" value=\"\" type=\"email\" name=\"your-email\" \/><\/span> <\/label>\n\n<label> Phone<br><span class=\"wpcf7-form-control-wrap\" data-name=\"tel-783\"><input size=\"40\" maxlength=\"400\" minlength=\"4\" class=\"wpcf7-form-control wpcf7-tel wpcf7-text wpcf7-validates-as-tel\" autocomplete=\"tel\" aria-invalid=\"false\" value=\"\" type=\"tel\" name=\"tel-783\" \/><\/span> <\/label>\n\n<label>How can we help?<span class=\"orange\">*<\/span><br>    <span class=\"wpcf7-form-control-wrap\" data-name=\"your-message\"><textarea cols=\"40\" rows=\"10\" maxlength=\"2000\" class=\"wpcf7-form-control wpcf7-textarea wpcf7-validates-as-required\" aria-required=\"true\" aria-invalid=\"false\" name=\"your-message\"><\/textarea><\/span> <\/label><br>\n<div><br><span class=\"wpcf7-form-control-wrap\" data-name=\"acceptance-100\"><span class=\"wpcf7-form-control wpcf7-acceptance\"><span class=\"wpcf7-list-item\"><label><input type=\"checkbox\" name=\"acceptance-100\" value=\"1\" aria-invalid=\"false\" \/><span class=\"wpcf7-list-item-label\">I have read and understood the \u00a0<a href=\"\/en\/privacy-policy\" class=\"link-orange\" target=\"_blank\">Privacy Policy<\/a>.*<\/span><\/label><\/span><\/span><\/span><\/div>\n\n<span id=\"wpcf7-69f37df9363f6-wrapper\" class=\"wpcf7-form-control-wrap homepage-wrap\" style=\"display:none !important; visibility:hidden !important;\"><label for=\"wpcf7-69f37df9363f6-field\" class=\"hp-message\">Please leave this field empty.<\/label><input id=\"wpcf7-69f37df9363f6-field\"  class=\"wpcf7-form-control wpcf7-text\" type=\"text\" name=\"homepage\" value=\"\" size=\"40\" tabindex=\"-1\" autocomplete=\"new-password\" \/><\/span><span id=\"wpcf7-69f37df936413-wrapper\" class=\"wpcf7-form-control-wrap city-wrap\" style=\"display:none !important; visibility:hidden !important;\"><label for=\"wpcf7-69f37df936413-field\" class=\"hp-message\">Please leave this field empty.<\/label><input id=\"wpcf7-69f37df936413-field\"  class=\"wpcf7-form-control wpcf7-text\" type=\"text\" name=\"city\" value=\"\" size=\"40\" tabindex=\"-1\" autocomplete=\"new-password\" \/><\/span><br><input class=\"wpcf7-form-control wpcf7-submit has-spinner btn-kontaktformular\" type=\"submit\" value=\"Send inquiry\" \/><div class=\"wpcf7-response-output\" aria-hidden=\"true\"><\/div>\n<\/form>\n<\/div>\n[\/vc_column_text][\/vc_column_inner][vc_column_inner width=&#8221;1\/2&#8243; css=&#8221;.vc_custom_1774351887022{padding-top: 32px !important;}&#8221; css_params=&#8221;&#8221;][vc_column_text css=&#8221;.vc_custom_1774351397562{margin-bottom: 5px !important;}&#8221; el_class=&#8221;headline-3 fw-400&#8243; css_params=&#8221;&#8221;]Product inquiries[\/vc_column_text][vc_column_text css=&#8221;&#8221; css_params=&#8221;&#8221;]<a class=\"link-orange\" href=\"mailto:sales@spareparts365.com\">sales@spareparts365.com<\/a>[\/vc_column_text][vc_column_text css=&#8221;.vc_custom_1774351430243{margin-bottom: 5px !important;}&#8221; el_class=&#8221;headline-3 fw-400&#8243; css_params=&#8221;&#8221;]Support requests[\/vc_column_text][vc_column_text css=&#8221;&#8221; css_params=&#8221;&#8221;]<a class=\"link-orange\" href=\"mailto:support@spareparts365.com\">support@spareparts365.com<\/a>[\/vc_column_text][vc_column_text css=&#8221;.vc_custom_1774351564088{margin-bottom: 5px !important;}&#8221; css_params=&#8221;&#8221;]Would you like to speak to us in person?[\/vc_column_text][vc_column_text css=&#8221;.vc_custom_1774351546066{margin-bottom: 5px !important;}&#8221; el_class=&#8221;headline-3 fw-400&#8243; css_params=&#8221;&#8221;]Phone[\/vc_column_text][vc_column_text css=&#8221;&#8221; css_params=&#8221;&#8221;]<a class=\"link-orange\" href=\"tel:0049918859959770\">+49 9188 599597-70<\/a>[\/vc_column_text][vc_column_text css=&#8221;.vc_custom_1774354093912{margin-bottom: 5px !important;}&#8221; el_class=&#8221;headline-3 fw-400&#8243; css_params=&#8221;&#8221;]Headquarters[\/vc_column_text][vc_column_text css=&#8221;&#8221; css_params=&#8221;&#8221;]Frankenstra\u00dfe 46<br \/>\n92353 Postbauer-Heng<br \/>\nGermany[\/vc_column_text][vc_column_text css=&#8221;.vc_custom_1774354149402{margin-bottom: 5px !important;}&#8221; el_class=&#8221;headline-3 fw-400&#8243; css_params=&#8221;&#8221;]Office[\/vc_column_text][vc_column_text css=&#8221;&#8221; css_params=&#8221;&#8221;]M\u00f6rikestra\u00dfe 18<br \/>\n91083 Baiersdorf<br \/>\nGermany[\/vc_column_text][\/vc_column_inner][\/vc_row_inner][\/vc_column][\/vc_row][vc_row css=&#8221;.vc_custom_1776155827303{padding-top: 75px !important;}&#8221; conditional_render=&#8221;%5B%7B%22value_role%22%3A%22administrator%22%7D%5D&#8221; css_params=&#8221;{&#8220;css_padding_top_md&#8220;:&#8220;50px&#8220;,&#8220;css_padding_top_xs&#8220;:&#8220;50px&#8220;}&#8221; custom_css_response=&#8221;@media(max-width:767px){.vc_custom_1776155827303{padding-top:50px!important;}}@media(max-width:575px){.vc_custom_1776155827303{padding-top:50px!important;}}&#8221;][vc_column]<div class=\"porto-sicon-box headline-3  wpb_custom_018a75e3fae7e82051d4529403a77975 style_1 top-icon\"><div class=\"porto-sicon-top\"><div class=\"porto-just-icon-wrapper porto-sicon-img  porto-icon-9f5d1cfb45d27d96b50bf473aebba227\" style=\"font-size: 100px;\"><img decoding=\"async\" class=\"img-icon\" alt=\"News, Aktuelles &amp; Blog\" src=\"https:\/\/www.spareparts365.com\/wp-content\/uploads\/2026\/02\/news.svg\" width=\"0\" height=\"0\" \/><\/div><\/div><div class=\"porto-sicon-header\"><h2 class=\"porto-sicon-title\" style=\"\">International<\/h2><\/div> <!-- header --><\/div><!-- porto-sicon-box -->[\/vc_column][\/vc_row][vc_row equal_height=&#8221;yes&#8221; el_id=&#8221;international&#8221; conditional_render=&#8221;%5B%7B%22value_role%22%3A%22administrator%22%7D%5D&#8221; css_params=&#8221;{&#8220;css_padding_bottom_md&#8220;:&#8220;100px&#8220;,&#8220;css_padding_bottom_xs&#8220;:&#8220;100px&#8220;}&#8221; css=&#8221;.vc_custom_1776154745040{padding-top: 50px !important;padding-bottom: 150px !important;}&#8221; custom_css_response=&#8221;@media(max-width:767px){.vc_custom_1776154745040{padding-bottom:100px!important;}}@media(max-width:575px){.vc_custom_1776154745040{padding-bottom:100px!important;}}&#8221;][vc_column width=&#8221;1\/3&#8243; el_class=&#8221;filialen&#8221; conditional_render=&#8221;%5B%7B%22value_role%22%3A%22administrator%22%7D%5D&#8221; css_params=&#8221;&#8221;][vc_column_text css=&#8221;.vc_custom_1776157710360{margin-bottom: 20px !important;}&#8221; css_params=&#8221;&#8221; el_class=&#8221;land&#8221;]<\/p>\n<h4 class=\"text-klein\" style=\"margin-bottom: 8px;\">Get in touch<\/h4>\n<h3 class=\"orange\">Finland, Sweden<\/h3>\n<p>[\/vc_column_text][vc_column_text css=&#8221;.vc_custom_1776155016906{margin-bottom: 0px !important;}&#8221; css_params=&#8221;&#8221; el_class=&#8221;adresse&#8221;]<\/p>\n<ul style=\"padding-left: 0 !important;\">\n<li class=\"standort\"><strong>Service Rata Oy<\/strong><br \/>\nHarjutie 5 E<br \/>\n03100 Nummela<br \/>\nFinland<\/li>\n<\/ul>\n<p>[\/vc_column_text][vc_column_text css=&#8221;.vc_custom_1776154889511{margin-bottom: 0px !important;}&#8221; css_params=&#8221;&#8221;]<\/p>\n<ul style=\"padding-left: 0 !important;\">\n<li class=\"website\"><a class=\"link-blau\" href=\"https:\/\/servicerata.com\" target=\"_blank\" rel=\"noopener\">www.servicerata.com<\/a><\/li>\n<li class=\"mail\"><a class=\"link-blau\" href=\"mailto:info@servicerata.com\">info@servicerata.com<\/a><\/li>\n<li class=\"telefon\"><a class=\"link-blau\" href=\"tel:00358291705502\">+358 29 1705502<\/a><\/li>\n<\/ul>\n<p>[\/vc_column_text][\/vc_column][vc_column width=&#8221;1\/3&#8243; el_class=&#8221;filialen&#8221; conditional_render=&#8221;%5B%7B%22value_role%22%3A%22administrator%22%7D%5D&#8221; css_params=&#8221;&#8221;][vc_column_text css=&#8221;.vc_custom_1776157717526{margin-bottom: 20px !important;}&#8221; css_params=&#8221;&#8221; el_class=&#8221;land&#8221;]<\/p>\n<h4 class=\"text-klein\" style=\"margin-bottom: 8px;\">Get in touch<\/h4>\n<h3 class=\"orange\">Turkey, Middle East<\/h3>\n<p>[\/vc_column_text][vc_column_text css=&#8221;.vc_custom_1776155037629{margin-bottom: 0px !important;}&#8221; css_params=&#8221;&#8221; el_class=&#8221;adresse&#8221;]<\/p>\n<ul style=\"padding-left: 0 !important;\">\n<li class=\"standort\"><strong>CPV End\u00fcstriyel Proje Enerji Bilgi Teknolojileri<\/strong>San. ve Tic. Ltd. \u015eti<br \/>\nFevzi \u00c7akmak 2 Sokak K\u0131z\u0131lay Mah. No:30\/8<br \/>\nSalur \u0130\u015f Merkezi \u00c7ankaya\/ANKARA<br \/>\nTurkey<\/li>\n<\/ul>\n<p>[\/vc_column_text][vc_column_text css=&#8221;.vc_custom_1776154896484{margin-bottom: 0px !important;}&#8221; css_params=&#8221;&#8221;]<\/p>\n<ul style=\"padding-left: 0 !important;\">\n<li class=\"website\"><a class=\"link-blau\" href=\"https:\/\/www.cpvis.com\" target=\"_blank\" rel=\"noopener\">www.cpvis.com<\/a><\/li>\n<li class=\"mail\"><a class=\"link-blau\" href=\"mailto:info@cpvis.com\">info@cpvis.com<\/a><\/li>\n<li class=\"telefon\"><a class=\"link-blau\" href=\"tel:00903122298155\">+90 (312) 2298155<\/a><\/li>\n<\/ul>\n<p>[\/vc_column_text][\/vc_column][vc_column width=&#8221;1\/3&#8243; el_class=&#8221;filialen&#8221; conditional_render=&#8221;%5B%7B%22value_role%22%3A%22administrator%22%7D%5D&#8221; css_params=&#8221;&#8221;][vc_column_text css=&#8221;.vc_custom_1776157724939{margin-bottom: 20px !important;}&#8221; css_params=&#8221;&#8221; el_class=&#8221;land&#8221;]<\/p>\n<h4 class=\"text-klein\" style=\"margin-bottom: 8px;\">Get in touch<\/h4>\n<h3 class=\"orange\">Other countries<\/h3>\n<p>[\/vc_column_text][vc_column_text css=&#8221;.vc_custom_1776155069051{margin-bottom: 0px !important;}&#8221; css_params=&#8221;&#8221; el_class=&#8221;adresse&#8221;]<\/p>\n<ul style=\"padding-left: 0 !important;\">\n<li class=\"standort\"><strong>SpareParts365 GmbH<\/strong><br \/>\nFrankenstra\u00dfe 46<br \/>\n92353 Postbauer-Heng<br \/>\nGermany<\/li>\n<\/ul>\n<p>[\/vc_column_text][vc_column_text css=&#8221;.vc_custom_1776155727036{margin-bottom: 0px !important;}&#8221; css_params=&#8221;&#8221;]<\/p>\n<ul style=\"padding-left: 0 !important;\">\n<li class=\"website\"><a class=\"link-blau\" href=\"https:\/\/www.spareparts365.com\/en\/\" target=\"_blank\" rel=\"noopener\">www.\u00adspareparts365.com<\/a><\/li>\n<li class=\"mail\"><a class=\"link-blau\" href=\"mailto:info@spareparts365.com\">info@\u00ad\u00adspareparts365.com<\/a><\/li>\n<li class=\"telefon\"><a class=\"link-blau\" href=\"tel:0049918859959770\">+49 9188 599597-70<\/a><\/li>\n<\/ul>\n<p>[\/vc_column_text][\/vc_column][\/vc_row]<\/p>\n<\/div>","protected":false},"excerpt":{"rendered":"<p>[vc_row full_width_css=&#8221;stretch_row_css&#8221; conditional_render=&#8221;%5B%7B%22value_role%22%3A%22administrator%22%7D%5D&#8221; css_params=&#8221;{&#8220;css_padding_top_md&#8220;:&#8220;100px&#8220;,&#8220;css_padding_bottom_md&#8220;:&#8220;100px&#8220;,&#8220;css_padding_top_xs&#8220;:&#8220;100px&#8220;,&#8220;css_padding_bottom_xs&#8220;:&#8220;100px&#8220;}&#8221; css=&#8221;.vc_custom_1774276700133{padding-top: 150px !important;padding-bottom: 150px !important;}&#8221; custom_css_response=&#8221;@media(max-width:767px){.vc_custom_1774276700133{padding-top:100px!important;padding-bottom:100px!important;}}@media(max-width:575px){.vc_custom_1774276700133{padding-top:100px!important;padding-bottom:100px!important;}}&#8221; el_class=&#8221;hg-blau&#8221;][vc_column width=&#8221;1\/2&#8243; animation_type=&#8221;fadeInLeft&#8221; conditional_render=&#8221;%5B%7B%22value_role%22%3A%22administrator%22%7D%5D&#8221; css_params=&#8221;&#8221;][vc_column_text css=&#8221;&#8221; el_class=&#8221;subhead weiss&#8221; css_params=&#8221;&#8221;] Get in touch [\/vc_column_text][vc_column_text css=&#8221;.vc_custom_1774342500562{padding-right: 35px !important;}&#8221; el_class=&#8221;headline-1 orange&#8221; css_params=&#8221;&#8221;]We look forward to hearing from you[\/vc_column_text][vc_column_text css=&#8221;&#8221; el_class=&#8221;subhead weiss&#8221; css_params=&#8221;&#8221;]You can easily reach us via our contact form \u2013 our experts will clarify your concerns and [&hellip;]<\/p>\n","protected":false},"author":1,"featured_media":0,"parent":0,"menu_order":0,"comment_status":"closed","ping_status":"closed","template":"","meta":{"footnotes":""},"class_list":["post-150","page","type-page","status-publish","hentry"],"_links":{"self":[{"href":"https:\/\/www.spareparts365.com\/en\/wp-json\/wp\/v2\/pages\/150","targetHints":{"allow":["GET"]}}],"collection":[{"href":"https:\/\/www.spareparts365.com\/en\/wp-json\/wp\/v2\/pages"}],"about":[{"href":"https:\/\/www.spareparts365.com\/en\/wp-json\/wp\/v2\/types\/page"}],"author":[{"embeddable":true,"href":"https:\/\/www.spareparts365.com\/en\/wp-json\/wp\/v2\/users\/1"}],"replies":[{"embeddable":true,"href":"https:\/\/www.spareparts365.com\/en\/wp-json\/wp\/v2\/comments?post=150"}],"version-history":[{"count":20,"href":"https:\/\/www.spareparts365.com\/en\/wp-json\/wp\/v2\/pages\/150\/revisions"}],"predecessor-version":[{"id":3605,"href":"https:\/\/www.spareparts365.com\/en\/wp-json\/wp\/v2\/pages\/150\/revisions\/3605"}],"wp:attachment":[{"href":"https:\/\/www.spareparts365.com\/en\/wp-json\/wp\/v2\/media?parent=150"}],"curies":[{"name":"wp","href":"https:\/\/api.w.org\/{rel}","templated":true}]}}